{"id":2696,"date":"2019-05-04T18:05:14","date_gmt":"2019-05-04T17:05:14","guid":{"rendered":"https:\/\/www.altenau.info\/?page_id=2696"},"modified":"2023-07-23T00:35:12","modified_gmt":"2023-07-22T23:35:12","slug":"gastronomie","status":"publish","type":"page","link":"https:\/\/www.altenau.info\/?page_id=2696","title":{"rendered":"Gastronomie"},"content":{"rendered":"<p>Gem\u00fctlich und lecker Essen, in Altenau k\u00f6nnen Sie sich in einem der zahlreichen gastronomischen Lokalit\u00e4ten verw\u00f6hnen lassen. Ob im Steakhaus, Caf\u00e8, Imbiss oder rustikalem Restaurant, es findet sich f\u00fcr alle was. Bei einigen Restaurants ist es in der Urlaubszeit manchmal sinnvoll, eine Reservierung vorab zu t\u00e4tigen.<\/p>\n","protected":false},"excerpt":{"rendered":"<p>Gem\u00fctlich und lecker Essen, in Altenau k\u00f6nnen Sie sich in einem der zahlreichen gastronomischen Lokalit\u00e4ten verw\u00f6hnen lassen. Ob im Steakhaus, Caf\u00e8, Imbiss oder rustikalem Restaurant, es findet sich f\u00fcr alle was. Bei einigen Restaurants ist es in der Urlaubszeit manchmal sinnvoll, eine Reservierung vorab zu t\u00e4tigen.<\/p>\n","protected":false},"author":10,"featured_media":0,"parent":0,"menu_order":140,"comment_status":"closed","ping_status":"closed","template":"","meta":{"footnotes":""},"class_list":["post-2696","page","type-page","status-publish","hentry"],"_links":{"self":[{"href":"https:\/\/www.altenau.info\/index.php?rest_route=\/wp\/v2\/pages\/2696","targetHints":{"allow":["GET"]}}],"collection":[{"href":"https:\/\/www.altenau.info\/index.php?rest_route=\/wp\/v2\/pages"}],"about":[{"href":"https:\/\/www.altenau.info\/index.php?rest_route=\/wp\/v2\/types\/page"}],"author":[{"embeddable":true,"href":"https:\/\/www.altenau.info\/index.php?rest_route=\/wp\/v2\/users\/10"}],"replies":[{"embeddable":true,"href":"https:\/\/www.altenau.info\/index.php?rest_route=%2Fwp%2Fv2%2Fcomments&post=2696"}],"version-history":[{"count":20,"href":"https:\/\/www.altenau.info\/index.php?rest_route=\/wp\/v2\/pages\/2696\/revisions"}],"predecessor-version":[{"id":4531,"href":"https:\/\/www.altenau.info\/index.php?rest_route=\/wp\/v2\/pages\/2696\/revisions\/4531"}],"wp:attachment":[{"href":"https:\/\/www.altenau.info\/index.php?rest_route=%2Fwp%2Fv2%2Fmedia&parent=2696"}],"curies":[{"name":"wp","href":"https:\/\/api.w.org\/{rel}","templated":true}]}}