

{"id":2764,"date":"2019-05-04T18:13:01","date_gmt":"2019-05-04T17:13:01","guid":{"rendered":"https:\/\/www.altenau.info\/?page_id=2764"},"modified":"2023-07-21T20:00:41","modified_gmt":"2023-07-21T19:00:41","slug":"wandern","status":"publish","type":"page","link":"https:\/\/www.altenau.info\/?page_id=2764","title":{"rendered":"Wandern"},"content":{"rendered":"<h2>Wandern rund um Altenau<\/h2>\n<p>Besonders bekannt ist Altenau f\u00fcr seine vielen Wandertouren, die seit Jahren G\u00e4ste aus Nah und Fern anziehen. Es gibt viele Portale und Wanderkarten die f\u00fcr diese Zwecke Wanderkarten breithalten und aktuell halten. Die 50 sch\u00f6nesten Wanderrouten im Oberharz und der Umgebung k\u00f6nnen Sie bei der <a class=\"oax_hoverlink oax_bold oax_dark_true_black oax_line_height_18\" href=\"https:\/\/www.outdooractive.com\/de\/r\/207469851\">Tourist-Information Oberharz<\/a> einsehen. Bekannte Wanderkarten konnen auch vor Ort bei der Toutisteninformation erworben werden. Eine Tour stellen wir ihnen hier allerdings explizit vor &#8230;<\/p>\n<h2>Die Wandertour &#8222;Altenauer Runde&#8220;<\/h2>\n<p>Die &#8222;Altenauer Runde&#8220; ist ca. 13 Kilometern lang und geht, wie der Name sagt, einmal um Altenau herum. Die Strecke hat \u00fcberwiegend m\u00e4\u00dfige Steigungen und nur kurzfristig starke Anstiege. Insgesamt gibt es einen H\u00f6henunterschied von 265 Metern. Starten kann man an vielen Einstiegspunkten, auch Teilbereiche k\u00f6nnen je nach Tagesform gewandert werden. Die Karte ist mit einigen regionalen Wegpunkten wie Infopunkte, Parkpl\u00e4tze und tuoristische Orten versehen.<\/p>\n<p>Die angezeigte Tour kann auch auf ihr Smartphone oder GPS Ger\u00e4t herunterladen werden. Bereitgestellt von <a href=\"https:\/\/der-gruendel.de\/index.php\/downloads\/gps-daten\" target=\"_blank\" rel=\"noopener\">Markus Gr\u00fcndel<\/a>, der auf seiner Homepage noch weitere Touren als GPX Download anbietet.<\/p>\n\n        <div id=\"map_ol3js_1\"\n             class=\"map undefined\"\n             data-map_name=\"undefined\"\n             data-map=\"map_ol3js_1\"\n             style=\"width:100%;\n                    max-width:100%;\n                    height:600px;\n                    display:block;\n                    overflow:hidden;\n                    border:2px solid grey;\">\n          <div id=\"map_ol3js_1_popup\" class=\"ol-popup\">\n            <a href=\"#\" id=\"map_ol3js_1_popup-closer\" class=\"ol-popup-closer\"><\/a>\n            <div id=\"map_ol3js_1_popup-content\"><\/div>\n          <\/div>\n        <\/div>\n    \n\n\t\t\t\t<script type=\"text\/javascript\">\n\t\t\t\t\ttranslations['openlayer'] = \"open layer\";\n\t\t\t\t\ttranslations['openlayerAtStartup'] = \"open layer at startup\";\n\t\t\t\t\ttranslations['generateLink'] = \"Der Link zur Karte mit ausgew\u00e4hlten Overlays und angezeigtem Ausschnitt\";\n\t\t\t\t\ttranslations['shortDescription'] = \"Kurzbeschreibung\";\n\t\t\t\t\ttranslations['generatedShortCode'] = \"to get a text control link paste this code in your wordpress editor\";\n\t\t\t\t\ttranslations['closeLayer'] = \"close layer\";\n\t\t\t\t\ttranslations['cantGenerateLink'] = \"put this string in the existing map short code to control this map\";\n\t\t\t  <\/script>\n\n\n\t\t\t  <script type=\"text\/javascript\">\n\t\t\t  vectorM['map_ol3js_1'] = [];\n\t        \n        var raster = getTileLayer(\"osm\",\"NoKey\");\t\t\t\n\n\t\t\t  var map_ol3js_1 = new ol.Map({\n\t\t\t\tinteractions: ol.interaction.defaults.defaults({mouseWheelZoom:false}),\n\t\t\t\tlayers: [raster],\n\t\t\t\ttarget: \"map_ol3js_1\",\n\t\t\t\tview: new ol.View({\n\t\t\t\t  center: ol.proj.transform([10.4480,51.8020], \"EPSG:4326\", \"EPSG:3857\"),\n\t\t\t\t  zoom: 14\n\t\t\t\t})\n\t\t\t  });\n\t\t\t  \n    var style0 = {\n      \"Point\": [new ol.style.Style({\n\n          image: new ol.style.Icon({\n            anchor: [0.5, 41],\n            anchorXUnits: \"fraction\",\n            anchorYUnits: \"pixels\",\n            opacity: 0.75,\n            src: \"https:\/\/www.altenau.info\/wp-content\/plugins\/osm\/icons\/mic_blue_pinother_02.png\"\n          })\n      })],\n\n      \"LineString\": [new ol.style.Style({\n        stroke: new ol.style.Stroke({\n          color: \"#00ff00\",\n          width: 8\n        })\n      })],\n      \"MultiLineString\": [new ol.style.Style({\n        stroke: new ol.style.Stroke({\n          color: \"#00ff00\",\n          width: 4\n        })\n      })]\n    };\n\t\t  var vectorL0 = new ol.layer.Vector({\n\t\t\t\tsource: new ol.source.Vector({\n\t\t\t\turl:\"..\/..\/..\/..\/wp-content\/uploads\/2023\/07\/Altenauer-Runde-2021.gpx\",\n\t\t\t\tformat: new ol.format.GPX({\n\t\t\t\t\textractStyles: false\n\t\t\t\t})\n\t\t\t}),\n\t\t\tzIndex: 92,\n\t\t\tstyle: function(feature, resolution) {return style0[feature.getGeometry().getType()];}\n\t\t  });\n\t\t  map_ol3js_1.addLayer(vectorL0);addControls2Map(map_ol3js_1,1,0,3,1,5,6,7,1,1);\nosm_addPopupClickhandler(map_ol3js_1,  \"map_ol3js_1\"); \nosm_addMouseHover(map_ol3js_1); <\/script>\n<p>&nbsp;<\/p>\n<a\n\thref=\"https:\/\/www.altenau.info\/wp-content\/uploads\/2023\/07\/Altenauer-Runde-2021.gpx\"\n\t\tid=\"ait-sc-button-1\"\n\tclass=\"ait-sc-button aligncenter  buticon-left    simple\"\n\tstyle=\"width:180px;background-color:#9d9d9d; border-color:#9d9d9d;\"\n>\n\t<span class=\"container\">\n\t\t<span class=\"wrap\">\n\n\t\t\t\n\t\t\t\t\t\t<span class=\"text\" style=\"text-align:center;\">\n\t\t\t\t\t\t\t\t<span class=\"title\" style=\"\">\n\t\t\t\t\tDownload GPX\t\t\t\t<\/span>\n\t\t\t\t\t\t\t\t\t\t\t<\/span>\n\t\t\t\n\t\t\t\t\t<\/span>\n\t<\/span>\n<\/a>\n\n<a\n\thref=\"https:\/\/www.altenau.info\/wp-content\/uploads\/2023\/07\/Altenauer-Runde-2021.zip\"\n\t\tid=\"ait-sc-button-2\"\n\tclass=\"ait-sc-button aligncenter  buticon-left    simple\"\n\tstyle=\"width:180px;background-color:#9d9d9d; border-color:#9d9d9d;\"\n>\n\t<span class=\"container\">\n\t\t<span class=\"wrap\">\n\n\t\t\t\n\t\t\t\t\t\t<span class=\"text\" style=\"text-align:center;\">\n\t\t\t\t\t\t\t\t<span class=\"title\" style=\"\">\n\t\t\t\t\tDownload ZIP\t\t\t\t<\/span>\n\t\t\t\t\t\t\t\t\t\t\t<\/span>\n\t\t\t\n\t\t\t\t\t<\/span>\n\t<\/span>\n<\/a>\n\n","protected":false},"excerpt":{"rendered":"<p>Wandern rund um Altenau Besonders bekannt ist Altenau f\u00fcr seine vielen Wandertouren, die seit Jahren G\u00e4ste aus Nah und Fern anziehen. Es gibt viele Portale und Wanderkarten die f\u00fcr diese Zwecke Wanderkarten breithalten und aktuell halten. Die 50 sch\u00f6nesten Wanderrouten im Oberharz und der Umgebung k\u00f6nnen Sie bei der Tourist-Information Oberharz einsehen. Bekannte Wanderkarten konnen [&hellip;]<\/p>\n","protected":false},"author":10,"featured_media":0,"parent":0,"menu_order":130,"comment_status":"closed","ping_status":"closed","template":"","meta":{"footnotes":""},"class_list":["post-2764","page","type-page","status-publish","hentry"],"_links":{"self":[{"href":"https:\/\/www.altenau.info\/index.php?rest_route=\/wp\/v2\/pages\/2764","targetHints":{"allow":["GET"]}}],"collection":[{"href":"https:\/\/www.altenau.info\/index.php?rest_route=\/wp\/v2\/pages"}],"about":[{"href":"https:\/\/www.altenau.info\/index.php?rest_route=\/wp\/v2\/types\/page"}],"author":[{"embeddable":true,"href":"https:\/\/www.altenau.info\/index.php?rest_route=\/wp\/v2\/users\/10"}],"replies":[{"embeddable":true,"href":"https:\/\/www.altenau.info\/index.php?rest_route=%2Fwp%2Fv2%2Fcomments&post=2764"}],"version-history":[{"count":50,"href":"https:\/\/www.altenau.info\/index.php?rest_route=\/wp\/v2\/pages\/2764\/revisions"}],"predecessor-version":[{"id":4488,"href":"https:\/\/www.altenau.info\/index.php?rest_route=\/wp\/v2\/pages\/2764\/revisions\/4488"}],"wp:attachment":[{"href":"https:\/\/www.altenau.info\/index.php?rest_route=%2Fwp%2Fv2%2Fmedia&parent=2764"}],"curies":[{"name":"wp","href":"https:\/\/api.w.org\/{rel}","templated":true}]}}