{"id":2921,"date":"2019-05-04T15:24:05","date_gmt":"2019-05-04T14:24:05","guid":{"rendered":"https:\/\/www.altenau.info\/?page_id=2921"},"modified":"2023-07-23T19:33:26","modified_gmt":"2023-07-23T18:33:26","slug":"versorgung","status":"publish","type":"page","link":"https:\/\/www.altenau.info\/?page_id=2921","title":{"rendered":"Gesch\u00e4fte und Gesundheit"},"content":{"rendered":"<p>In Altenau k\u00f6nnen Sie in Gesch\u00e4ften des t\u00e4glichen Bedarfs oder touristischen L\u00e4den in aller Ruhe einkaufen gehen. Es gibt zudem auch wichtige Handwerker und Werkst\u00e4tten vor Ort, falls mal was repariert werden muss. Eine gesundheitliche und \u00e4rztliche Versorgung vor Ort ist vorhanden, und nat\u00fcrlich d\u00fcrfen auch einige Wellnessangebote nicht fehlen.<\/p>\n","protected":false},"excerpt":{"rendered":"<p>In Altenau k\u00f6nnen Sie in Gesch\u00e4ften des t\u00e4glichen Bedarfs oder touristischen L\u00e4den in aller Ruhe einkaufen gehen. Es gibt zudem auch wichtige Handwerker und Werkst\u00e4tten vor Ort, falls mal was repariert werden muss. Eine gesundheitliche und \u00e4rztliche Versorgung vor Ort ist vorhanden, und nat\u00fcrlich d\u00fcrfen auch einige Wellnessangebote nicht fehlen.<\/p>\n","protected":false},"author":10,"featured_media":0,"parent":0,"menu_order":150,"comment_status":"closed","ping_status":"closed","template":"","meta":{"footnotes":""},"class_list":["post-2921","page","type-page","status-publish","hentry"],"_links":{"self":[{"href":"https:\/\/www.altenau.info\/index.php?rest_route=\/wp\/v2\/pages\/2921","targetHints":{"allow":["GET"]}}],"collection":[{"href":"https:\/\/www.altenau.info\/index.php?rest_route=\/wp\/v2\/pages"}],"about":[{"href":"https:\/\/www.altenau.info\/index.php?rest_route=\/wp\/v2\/types\/page"}],"author":[{"embeddable":true,"href":"https:\/\/www.altenau.info\/index.php?rest_route=\/wp\/v2\/users\/10"}],"replies":[{"embeddable":true,"href":"https:\/\/www.altenau.info\/index.php?rest_route=%2Fwp%2Fv2%2Fcomments&post=2921"}],"version-history":[{"count":19,"href":"https:\/\/www.altenau.info\/index.php?rest_route=\/wp\/v2\/pages\/2921\/revisions"}],"predecessor-version":[{"id":4554,"href":"https:\/\/www.altenau.info\/index.php?rest_route=\/wp\/v2\/pages\/2921\/revisions\/4554"}],"wp:attachment":[{"href":"https:\/\/www.altenau.info\/index.php?rest_route=%2Fwp%2Fv2%2Fmedia&parent=2921"}],"curies":[{"name":"wp","href":"https:\/\/api.w.org\/{rel}","templated":true}]}}