{"id":3539,"date":"2019-05-28T16:17:03","date_gmt":"2019-05-28T15:17:03","guid":{"rendered":"https:\/\/www.altenau.info\/?page_id=3539"},"modified":"2023-10-09T20:50:07","modified_gmt":"2023-10-09T19:50:07","slug":"info","status":"publish","type":"page","link":"https:\/\/www.altenau.info\/?page_id=3539","title":{"rendered":"Informationen f\u00fcr Besucher"},"content":{"rendered":"<h2><strong>Zentral und Mitten im Oberharz liegt Altenau<\/strong><\/h2>\n<p>Vom Norden kommend k\u00f6nnen Sie uns \u00fcber die Bundesstra\u00dfe 498, die von Goslar nach Osterode f\u00fchrt, schnell und einfach erreichen. \u00dcber den Ortsteil &#8222;Torfhaus&#8220; ist der Anschluss an die Bundesstra\u00dfe 4 verf\u00fcgbar, mit dieser kommen Sie schnell nach Bad Harzburg sowie\u00a0 Braunlage und Nordhausen. \u00dcber die <strong>Autobahn 7<\/strong> erreicht man die Bundesstra\u00dfen westlich von Altenau in ca. 45 km, im Norden \u00fcber die <strong>Autobahn 365<\/strong> in ca. 25 km. Im Winter sollten entsprechende Reifen montiert sein, da Altenau auf \u00fcber 400m liegt, Tofhaus auf \u00fcber 800m.<\/p>\n<p>Die n\u00e4chsten Bahnh\u00f6fe sind in <strong>Goslar<\/strong>, Bad Harzburg und Osterode am Harz. Der Bahnhof von Goslar bietet eine gute Verbindungen nach <strong>Hannover<\/strong>, <strong>Braunschweig<\/strong>, <strong>Magdeburg<\/strong> und <strong>Halle<\/strong> (siehe <a href=\"https:\/\/reiseauskunft.bahn.de\" target=\"_blank\" rel=\"noopener noreferrer\">Fahrpl\u00e4ne der DB<\/a>).<\/p>\n<p>Der Fernbus &#8222;Flixbus&#8220; f\u00e4hrt \u00f6fters von <a href=\"https:\/\/shop.flixbus.de\/search?departureCity=88&amp;arrivalCity=24551&amp;route=Berlin-Clausthal-Zellerfeld\" target=\"_blank\" rel=\"noopener noreferrer\">Berlin<\/a> und <a href=\"https:\/\/shop.flixbus.de\/search?departureCity=108&amp;arrivalCity=24551&amp;route=D%C3%BCsseldorf-Clausthal-Zellerfeld\" target=\"_blank\" rel=\"noopener noreferrer\">D\u00fcsseldorf<\/a> nach Clausthal-Zellerfeld (Kernstadt).<\/p>\n<p>Lokale Omnibusse fahren von Clausthal-Zellerfeld \u00fcber Altenau nach St. Andreasberg (Linie 840), von Goslar \u00fcber Clausthal-Zellerfeld nach Altenau (Linie 831) und\u00a0 von Goslar \u00fcber das Okertal nach Altenau (Linie 861). F\u00fcr die lokale Busanbindung siehe die <a href=\"https:\/\/bsvg.efa.de\" target=\"_blank\" rel=\"noopener noreferrer\">Fahrpl\u00e4ne der BSVG<\/a>, geben Sie hier z.B. &#8222;Clausthal-Zellerfeld, ZOB&#8220; und &#8222;Altenau (Harz), Markt&#8220; ein.<\/p>\n<h3><strong>Internet und mobil unterwegs &#8230;<br \/>\n<\/strong><\/h3>\n<p>Anbindung an das Internet ist in zentralen Gebieten von Altenau \u00fcber eine Kabel- oder Glasfaseranbindung mit bis zu 1000 Mbit\/s im Download m\u00f6glich, aber manchmal auch nur als DSL Anbindungen mit bis zu 16 Mbit\/s.<\/p>\n<p>Mobile Anbindungen sind prinzipiell mit bis zu bis zu 150 MBit\/s im gesamten Ort m\u00f6glich. Gute Netze halten die <a href=\"https:\/\/www.telekom.de\/start\/netzausbau\" target=\"_blank\" rel=\"noopener noreferrer\">Telekom<\/a>, <a href=\"https:\/\/www.vodafone.de\/hilfe\/netzabdeckung.html\" target=\"_blank\" rel=\"noopener noreferrer\">Vodafone<\/a> und <a href=\"https:\/\/www.o2online.de\/service\/netz-verfuegbarkeit\/netzabdeckung\" target=\"_blank\" rel=\"noopener noreferrer\">Telefonica<\/a> (mit O2, E-Plus und anderen) vor. Ein freies WLAN Angebot gibt es zudem im Kurgastzentrum.<\/p>\n<h3><strong>Sportliche Bet\u00e4tigung im Sommer<\/strong><\/h3>\n<p>Um Altenau herum gibt es ein weitreichendes Wander-Wegenetze mit guter Beschilderung. Herauszuheben ist der Wasserwanderweg \u201eAlter Dammgraben\u201c, ein leichte Rundwanderung von rund 10,5 Kilometern. Dieses Bauwerk des Oberharzer Wasserregals z\u00e4hlt zum erw\u00e4hnten UNESCO-Weltkulturerbe. Altenau liegt zudem am &#8222;Harzer-Hexen-Stieg&#8220;, dieser Wanderweg durchquert den ganzen Harz. Auf dem Goetheweg, den einst Goethe auf seiner Wanderung benutzt, kann man von Altenau \u00fcber Torfhaus zum Brocken wandern. Das Nationalpark-Besucherzentrum Torfhaus mit seiner Ausstellung zum Nationalpark Harz ist dabei ein guter Ausgangspunkt der Wanderstecke. Da Altenau ein staatlich anerkannter heilklimatischer Kurort im Oberharz ist, gibt es auch gef\u00fchrte Heilklima-Wandertouren.<\/p>\n<p>F\u00fcr Fahrradtouristen, haupts\u00e4chlich f\u00fcr Mountainbikefahrer, steht ein ausgedehntes Wald- und Wegenetz zur Verf\u00fcgung. Altenau liegt im Gebiet der Volksbank Arena Harz, dies umfasst 74 Rundrouten, 4 dieser Routen starten in Altenau. Zudem sind auch viele sportliche Stra\u00dfenradfahrer unterwegs, die die Bergauf- und Abfahrten trainieren.<\/p>\n<p>In Altenau gibt es das &#8222;DSV nordic aktiv Walking Zentrum&#8220; mit drei unterschiedlich profilierten Strecken f\u00fcr Nordic Walking. J\u00e4hrlich wird der Oberharzer Nordic aktiv Cup ausgetragen, einer der f\u00fcnf Austragungsorte ist dabei Altenau.<\/p>\n<h3><strong>Sportliche Bet\u00e4tigung im Winter<\/strong><\/h3>\n<p>Im Winter gibt es in Altenau f\u00fcr den Langlauf vier Rundkurse und zwei in Torfhaus, sowie jeweils drei Verbindungsloipen.<\/p>\n<p>Im Skigebiet \u201eAuf der Rose\u201c gibt es einen 400 Meter langen \u00dcbungshang f\u00fcr leichte Abfahrten mit Schlepplift und Ponylift. Das Skigebiet \u201eAm Rinderkopf\u201c in Torfhaus hat eine 400 Meter lange Abfahrt, ist mittelschwer eingestuft und hat ebenfalls einen Schlepplift. Die \u00d6ffnungen der Strecken werden tagesaktuell auf den Internetseiten der Tourist-Informationen Oberharz angezeigt.<\/p>\n<p>Rodelstrecken gibt es in Altenau hinter der Kristall Therme an der Schwefelquelle (ca. 50 Meter), auf der Rodelwiese Rose (ca. 200 Meter) sowie in Torfhaus am Rodellift \u201eBrockenblick\u201c (ca. 300 Meter).<\/p>\n<p>Es sind einige Verleihbetriebe f\u00fcr Ski- und Rodelschlitten in Altenau und Torfhaus ans\u00e4ssig und es werden Skikurse angeboten.<\/p>\n<p>Ausgeschilderte Winterwanderwege gibt es drei in Altenau und drei in Torfhaus.<\/p>\n<h2><strong>Stadtgeschichte<\/strong><\/h2>\n<p>Der fr\u00fcher v\u00f6llig unwegsame Oberharz diente einst von ca. 1000 bis 1200 fast ausschlie\u00dflich als Holzlieferant. Dieses Holz wurde zum gro\u00dfen Teil f\u00fcr die Herstellung von Holzkohle ben\u00f6tigt (K\u00f6hler), die zur Verh\u00fcttung des gef\u00f6rderten Erzes gebraucht wurde. Nachdem der Bergbau zun\u00e4chst nur am Harzrand (Goslar) betrieben wurde, ist er Anfang des 13. Jahrhunderts auch im Oberharz aufgenommen worden. Durch verschiedene Umst\u00e4nde kam er aber schon nach ca. 150 Jahren wieder zum Erliegen. Erst Anfang des 16. Jahrhunderts erlie\u00dfen die Landesherren sogenannte \u201eBergfreiheiten&#8220;, deren Verg\u00fcnstigungen (z.B. freies Holz zum Bauen und Heizen, freies Viehweiderecht usw.) Bergleute aus anderen Bergbaugebieten anregten, sich hier niederzulassen. So kamen vorwiegend Erzgebirgler in diesen Raum.<\/p>\n<p><img loading=\"lazy\" decoding=\"async\" class=\"wp-image-4041 alignleft\" src=\"https:\/\/www.altenau.info\/wp-content\/uploads\/2019\/09\/Altenau-Wappen-268x300.png\" alt=\"\" width=\"114\" height=\"128\" align=\"left\" srcset=\"https:\/\/www.altenau.info\/wp-content\/uploads\/2019\/09\/Altenau-Wappen-268x300.png 268w, https:\/\/www.altenau.info\/wp-content\/uploads\/2019\/09\/Altenau-Wappen-768x860.png 768w, https:\/\/www.altenau.info\/wp-content\/uploads\/2019\/09\/Altenau-Wappen-914x1024.png 914w\" sizes=\"auto, (max-width: 114px) 100vw, 114px\" \/>Im Jahr 1617 erhielt Altenau das Stadtrecht und ein eigenes Stadtwappen zuerkannt. Letzteres zeigt auf einem gr\u00fcn\/wei\u00dfen Schild drei B\u00e4rentatzen, von denen zwei die Wahrzeichen des Bergbaues (Schlegel und Eisen) und die dritte das Wahrzeichen der Waldhoheit (die Wolfsangel) halten.<\/p>\n<p>Die Bergfreiheiten wurden f\u00fcr den Ort im Jahre 1636 verbrieft, womit Altenau nunmehr endg\u00fcltig zu den \u00fcbrigen 6 \u201eFreien Bergst\u00e4dten&#8220; des Oberharzes geh\u00f6rte.<\/p>\n<p>Der Bergbau sorgte f\u00fcr den Aufschwung des Ortes, der sich im Laufe der Jahre mehr und mehr in die 5 T\u00e4ler ausdehnte (Okertal, Schultal, Kleine-Oker-Tal, Gro\u00dfe-Oker-Tal, Gerlachsbachtal). Verschiedene wirtschaftliche Faktoren f\u00fchrten jedoch schlie\u00dflich dazu, dass der Bergbau zum erliegen kam. Der Eisenh\u00fcttenbetrieb wurde 1871 eingestellt und zum Schluss erfolgte 1911 die Stilllegung der Silberh\u00fctte. An ihr fr\u00fcheres Vorhandensein erinnert heute noch die Stra\u00dfenbezeichnung \u201eAn der Silberh\u00fctte&#8220;.<\/p>\n<h3><strong>Ortsbild<\/strong><\/h3>\n<p>Der Kernort Altenau wird von alten Bergmannsh\u00e4usern aus dieser Zeit charakterisiert. Typisch f\u00fcr die Region ist die Verwendung von Holz als Baumaterial, insbesondere in der Au\u00dfenverkleidung. Im Ort befindet sich die sehenswerte Holzkirche St. Nikolai, die im 17. Jahrhundert erbaut wurde.<\/p>\n<p>Man findet in Altenau noch weitere Zeugen des fr\u00fcheren Bergbaus, wie alte Gruben und Zeichen, sowie Kunsthandwerk aus der erzgebirgischen Herkunft der eingewanderten Einwohner. Als typische f\u00fcr die Gegend werden kunstvolle Holzschnitzereien, Kl\u00f6ppeln, Oberharzer Trachten, heimatliche Lieder, Jodler, Volkst\u00e4nze, Peitschenkonzerte und Kuhhirtensignale angesehen. Eine weitere Tradition ist das seit 2014 als Immaterielles Weltkulturerbe anerkannte Brauchtum des Finkenman\u00f6vers im Harz, das in Altenau noch j\u00e4hrlich abgehalten wird.<\/p>\n<p>Durch die Montanwirtschaft entstand in der Umgebung eine hochprofessionelle Wasserwirtschaft, die noch heute existiert. Zu besichtigen ist dabei die Oberharzer Wasserwirtschaft, das vom Unesco-Welterbekomitee 2010 als Natur- und Kulturerbe aufgenommen wurde. Die Oberharzer Wasserwirtschaft stellt ein dabei weltweit ein einmaliges Wasserleitsystem dar, das als eines der gr\u00f6\u00dften vorindustriellen Energieversorgungssysteme angesehen wird.<\/p>\n<p>&nbsp;<\/p>\n","protected":false},"excerpt":{"rendered":"<p>Zentral und Mitten im Oberharz liegt Altenau Vom Norden kommend k\u00f6nnen Sie uns \u00fcber die Bundesstra\u00dfe 498, die von Goslar nach Osterode f\u00fchrt, schnell und einfach erreichen. \u00dcber den Ortsteil &#8222;Torfhaus&#8220; ist der Anschluss an die Bundesstra\u00dfe 4 verf\u00fcgbar, mit dieser kommen Sie schnell nach Bad Harzburg sowie\u00a0 Braunlage und Nordhausen. \u00dcber die Autobahn 7 [&hellip;]<\/p>\n","protected":false},"author":10,"featured_media":0,"parent":0,"menu_order":105,"comment_status":"closed","ping_status":"closed","template":"","meta":{"footnotes":""},"class_list":["post-3539","page","type-page","status-publish","hentry"],"_links":{"self":[{"href":"https:\/\/www.altenau.info\/index.php?rest_route=\/wp\/v2\/pages\/3539","targetHints":{"allow":["GET"]}}],"collection":[{"href":"https:\/\/www.altenau.info\/index.php?rest_route=\/wp\/v2\/pages"}],"about":[{"href":"https:\/\/www.altenau.info\/index.php?rest_route=\/wp\/v2\/types\/page"}],"author":[{"embeddable":true,"href":"https:\/\/www.altenau.info\/index.php?rest_route=\/wp\/v2\/users\/10"}],"replies":[{"embeddable":true,"href":"https:\/\/www.altenau.info\/index.php?rest_route=%2Fwp%2Fv2%2Fcomments&post=3539"}],"version-history":[{"count":20,"href":"https:\/\/www.altenau.info\/index.php?rest_route=\/wp\/v2\/pages\/3539\/revisions"}],"predecessor-version":[{"id":4614,"href":"https:\/\/www.altenau.info\/index.php?rest_route=\/wp\/v2\/pages\/3539\/revisions\/4614"}],"wp:attachment":[{"href":"https:\/\/www.altenau.info\/index.php?rest_route=%2Fwp%2Fv2%2Fmedia&parent=3539"}],"curies":[{"name":"wp","href":"https:\/\/api.w.org\/{rel}","templated":true}]}}